{"id":6530,"date":"2025-06-06T12:27:44","date_gmt":"2025-06-06T12:27:44","guid":{"rendered":"https:\/\/www.engie-vianeo.com\/jeu\/"},"modified":"2025-06-30T08:03:29","modified_gmt":"2025-06-30T08:03:29","slug":"jeu","status":"publish","type":"page","link":"https:\/\/www.engie-vianeo.com\/en\/jeu\/","title":{"rendered":"Summer Prize Draw Competition"},"content":{"rendered":"\n\n<section class=\"hero_header_style_1 wp-block-engie-hero-header\"\n\t\t\tstyle=\"background:linear-gradient(#232D3580, #232D3580),url(https:\/\/vianeo-ppr.noprod.db-vianeo.com\/wp-content\/uploads\/2025\/04\/publicis.webp) center no-repeat; background-size:cover;\"\n\t\n>\n\t<div class=\"container\">\n\t\t<div class=\"hero-header-inner\">\t\n\t\t\t<div class=\"hero-header-content\">\n\t\t\t\t\t\t\t\t\t<h1 class=\"hero-header-title\"> This summer, big auto lottery draw<\/h1>\n\t\t\t\t\t\t\t\t<\/div>\n\t\t<\/div>\n\t<\/div>\n\n<\/section>\n\n<section class=\"section_titles_style_primary wp-block-engie-section-titles\">\n\t<div class=\"container\">\n\t\t<h2 class=\"section_titles_title sections_titles_border_title\">Summer Prize Draw Competition &#8211; \u20ac5,000 voucher for electric vehicle charging<\/h2 >\t\t<p class=\"section_titles_desc\">This summer, recharge your batteries and your electric car on our charging stations and discover our big summer Prize draw:<br>From 1st July to 31st August, register to try to win:<br>\u2022 a <strong>\u20ac5,000<\/strong> voucher for electric vehicle charging<br>\u2022 And every day during the Competition, try your luck in an Instant Win to win one of 200 \u20ac5 vouchers<\/p>\t<\/div>\n<\/section>\n\n\n<section class=\"center wp-block-engie-block-cta\">\n\t<div class=\"container\">\n\t\t\n\n<a    type=\"button\"\n    class=\"nj-btn\"\n    href=\"https:\/\/engie-vianeo.go.link\/klPJZ\"    target=\"_blank\" rel=\"noopener noreferrer\"    class=\"wp-block-engie-button-primary\">\n\t\n\t\t\t<span aria-hidden=\"true\" class=\"nj-btn__icon nj-btn__icon--before material-icons\"><\/span>\n\t\n\tDownload the app and Play<\/a>\n\n\t<\/div>\n<\/section>\n\n\n\n<div class=\"wp-block-group is-vertical is-content-justification-center is-layout-flex wp-container-core-group-is-layout-ce155fab wp-block-group-is-layout-flex\"><section class=\"section_titles_style_primary wp-block-engie-section-titles\">\n\t<div class=\"container\">\n\t\t<h2 class=\"section_titles_title sections_titles_border_title\"><strong>How to enter?<\/strong><\/h2 >\t\t<p class=\"section_titles_desc\"><strong>To enter the Prize draw<\/strong>, simply:<br>\u2022 Open the ENGIE Vianeo application<br>\u2022 Log in or create an ENGIE Vianeo+ account<br>\u2022 Click the &#8220;Play&#8221; button to visit the Competition entry page<br>\u2022 Read the Competition Rules and accept the terms<br>\u2022 Confirm your entry in the prize draw.<br><br>A confirmation message will inform you that your entry in the draw is registered.<br>Once your prize draw entry is registered, you can win an Instant Win every day in the form of a \u20ac5 voucher.<br><br><strong>To play to win the Instant Wins<\/strong>, nothing could be simpler:<br>\u2022 Open the ENGIE Vianeo application<br>\u2022 Click the &#8220;Play&#8221; button to open the Instant Win of the day.<br>\u2022 And instantly find out if you win a voucher or not. If you win, you&#8217;ll receive a voucher by email.<\/p>\t<\/div>\n<\/section>\n\n\n\n<div class=\"wp-block-group container is-horizontal is-content-justification-center is-layout-flex wp-container-core-group-is-layout-1001711d wp-block-group-is-layout-flex\">\n<style>\n\t.block-picture-only img {\n\t\twidth: 100%;\n\t}\n<\/style>\n\n<section class=\"block-picture-only wp-block-engie-block-picture-only has-background has-white-background-color\">\n\t<div class=\"\">\n\t\t<div class=\"\">\n\t\t\t\t\t\t\t<a class=\"block-picture-only-link\" href=\"https:\/\/engie-vianeo.go.link\/klPJZ\" target=\"_blank\" rel=\"noopener noreferrer\">\n\t\t\t\t\t\t\t\t\t\t\t\t<img decoding=\"async\" src=\"https:\/\/www.engie-vianeo.com\/wp-content\/uploads\/2025\/06\/banner-LP-792x350-ex-gads-1200x627-1.webp\" alt=\"\">\n\t\t\t\t\t\t\t\t\t\t\t<\/a>\n\t\t\t\t\t<\/div>\n\t<\/div>\n<\/section>\n\n<\/div>\n<\/div>\n\n\n<section class=\"desktop-xs_height tablet-xs_height mobile-xs_height wp-block-engie-block-blank-dividers\">\n\t\n<\/section>\n\n<section class=\"section_titles_style_primary wp-block-engie-section-titles\">\n\t<div class=\"container\">\n\t\t<h2 class=\"section_titles_title sections_titles_border_title\">How to use the voucher<\/h2 >\t\t<p class=\"section_titles_desc\">If you are a lucky winner of an Instant Win, you will receive an email with a promo code. To use it, simply enter it directly in the &#8220;<strong>My wallet<\/strong>&#8221; section of your account (no later than 7th September in the application).<br>And there you go,\u00a0<strong>\u20ac5 will be credited to your customer account<\/strong>\u00a0and automatically applied to your next recharge(s) (valid 60 days after entering the code).<\/p>\t<\/div>\n<\/section>\n\n\n\n<div class=\"wp-block-group container is-horizontal is-content-justification-center is-layout-flex wp-container-core-group-is-layout-1001711d wp-block-group-is-layout-flex\">\n<style>\n\t.block-picture-only img {\n\t\twidth: 100%;\n\t}\n<\/style>\n\n<section class=\"block-picture-only wp-block-engie-block-picture-only has-background has-white-background-color\">\n\t<div class=\"\">\n\t\t<div class=\"\">\n\t\t\t\t\t\t\t\t\t\t\t\t<img decoding=\"async\" src=\"https:\/\/www.engie-vianeo.com\/wp-content\/uploads\/2025\/04\/test-2-scaled.webp\" alt=\"\">\n\t\t\t\t\t\t\t\t\t<\/div>\n\t<\/div>\n<\/section>\n\n<\/div>\n\n\n<section class=\"center wp-block-engie-block-cta\">\n\t<div class=\"container\">\n\t\t\n\n<a    type=\"button\"\n    class=\"nj-btn\"\n    href=\"https:\/\/engie-vianeo.go.link\/klPJZ\"    target=\"_blank\" rel=\"noopener noreferrer\"    class=\"wp-block-engie-button-primary\">\n\t\n\t\n\tDownload the app<\/a>\n\n\t<\/div>\n<\/section>\n\n\n<section class=\"desktop-xs_height tablet-xs_height mobile-xs_height wp-block-engie-block-blank-dividers\">\n\t\n<\/section>\n\n<section class=\"section_titles_style_primary wp-block-engie-section-titles\">\n\t<div class=\"container\">\n\t\t<h2 class=\"section_titles_title sections_titles_border_title\">Terms and conditions<\/h2 >\t\t<p class=\"section_titles_desc\">* Prize draw competition with no obligation to purchase. Entry via the ENGIE Vianeo application from 01\/07\/2025 to 31\/08\/2025. <br>Prize for one winner &#8211; \u20ac5,000 voucher for electric recharging to be used on the ENGIE Vianeo network and exclusively via the ENGIE Vianeo application \u2013 Limited to one entry per person. <br>Instant Wins: 200 vouchers worth \u20ac5 to be redeemed on the ENGIE Vianeo network and used exclusively via the ENGIE Vianeo application.<br><a href=\"https:\/\/www.engie-vianeo.com\/wp-content\/uploads\/2025\/06\/reglement_jeu_concours_ete_2025_EN_V2.pdf\" target=\"_blank\" rel=\"noreferrer noopener\">See Competition details and conditions (pdf)<\/a>.<\/p>\t<\/div>\n<\/section>\n","protected":false},"excerpt":{"rendered":"","protected":false},"author":10,"featured_media":6522,"parent":0,"menu_order":0,"comment_status":"closed","ping_status":"closed","template":"","meta":{"_acf_changed":false,"footnotes":""},"class_list":["post-6530","page","type-page","status-publish","has-post-thumbnail","hentry"],"acf":[],"yoast_head":"<!-- This site is optimized with the Yoast SEO plugin v26.6 - https:\/\/yoast.com\/wordpress\/plugins\/seo\/ -->\n<title>Summer Prize Draw Competition - ENGIE Vianeo<\/title>\n<meta name=\"description\" content=\"This summer, recharge your batteries and your electric car on our charging stations and discover our big summer Prize draw : \u20ac5,000 voucher for electric vehicle charging\" \/>\n<meta name=\"robots\" content=\"index, follow, max-snippet:-1, max-image-preview:large, max-video-preview:-1\" \/>\n<link rel=\"canonical\" href=\"https:\/\/www.engie-vianeo.com\/en\/jeu\/\" \/>\n<meta property=\"og:locale\" content=\"en_US\" \/>\n<meta property=\"og:type\" content=\"article\" \/>\n<meta property=\"og:title\" content=\"Cet \u00e9t\u00e9, grand tirage de l&#039;auto\" \/>\n<meta property=\"og:description\" content=\"5 000 \u20ac de recharges \u00e9lectriques \u00e0 gagner, gr\u00e2ce \u00e0 l&#039;application ENGIE Vianeo \u263a\ufe0f\" \/>\n<meta property=\"og:url\" content=\"https:\/\/www.engie-vianeo.com\/en\/jeu\/\" \/>\n<meta property=\"og:site_name\" content=\"ENGIE Vianeo\" \/>\n<meta property=\"article:publisher\" content=\"https:\/\/www.facebook.com\/ENGIEvianeo\" \/>\n<meta property=\"article:modified_time\" content=\"2025-06-30T08:03:29+00:00\" \/>\n<meta property=\"og:image\" content=\"https:\/\/www.engie-vianeo.com\/wp-content\/uploads\/2025\/06\/1200x630_ENGIE-VIANEO_TYPO-BLEUE.jpg\" \/>\n\t<meta property=\"og:image:width\" content=\"1201\" \/>\n\t<meta property=\"og:image:height\" content=\"630\" \/>\n\t<meta property=\"og:image:type\" content=\"image\/jpeg\" \/>\n<meta name=\"twitter:card\" content=\"summary_large_image\" \/>\n<meta name=\"twitter:title\" content=\"Cet \u00e9t\u00e9, grand tirage de l&#039;auto\" \/>\n<meta name=\"twitter:description\" content=\"5 000 \u20ac de recharges \u00e9lectriques \u00e0 gagner, gr\u00e2ce \u00e0 l&#039;application ENGIE Vianeo \u263a\ufe0f\" \/>\n<meta name=\"twitter:image\" content=\"https:\/\/www.engie-vianeo.com\/wp-content\/uploads\/2025\/06\/1200x630_ENGIE-VIANEO_TYPO-BLEUE.jpg\" \/>\n<meta name=\"twitter:site\" content=\"@ENGIEvianeo\" \/>\n<script type=\"application\/ld+json\" class=\"yoast-schema-graph\">{\"@context\":\"https:\/\/schema.org\",\"@graph\":[{\"@type\":\"WebPage\",\"@id\":\"https:\/\/www.engie-vianeo.com\/en\/jeu\/\",\"url\":\"https:\/\/www.engie-vianeo.com\/en\/jeu\/\",\"name\":\"Summer Prize Draw Competition - ENGIE Vianeo\",\"isPartOf\":{\"@id\":\"https:\/\/www.engie-vianeo.com\/en\/#website\"},\"primaryImageOfPage\":{\"@id\":\"https:\/\/www.engie-vianeo.com\/en\/jeu\/#primaryimage\"},\"image\":{\"@id\":\"https:\/\/www.engie-vianeo.com\/en\/jeu\/#primaryimage\"},\"thumbnailUrl\":\"https:\/\/www.engie-vianeo.com\/wp-content\/uploads\/2025\/06\/1080x1080_ENGIE-VIANEO_TYPO-BLEUE.jpg\",\"datePublished\":\"2025-06-06T12:27:44+00:00\",\"dateModified\":\"2025-06-30T08:03:29+00:00\",\"description\":\"This summer, recharge your batteries and your electric car on our charging stations and discover our big summer Prize draw : \u20ac5,000 voucher for electric vehicle charging\",\"breadcrumb\":{\"@id\":\"https:\/\/www.engie-vianeo.com\/en\/jeu\/#breadcrumb\"},\"inLanguage\":\"en-US\",\"potentialAction\":[{\"@type\":\"ReadAction\",\"target\":[\"https:\/\/www.engie-vianeo.com\/en\/jeu\/\"]}]},{\"@type\":\"ImageObject\",\"inLanguage\":\"en-US\",\"@id\":\"https:\/\/www.engie-vianeo.com\/en\/jeu\/#primaryimage\",\"url\":\"https:\/\/www.engie-vianeo.com\/wp-content\/uploads\/2025\/06\/1080x1080_ENGIE-VIANEO_TYPO-BLEUE.jpg\",\"contentUrl\":\"https:\/\/www.engie-vianeo.com\/wp-content\/uploads\/2025\/06\/1080x1080_ENGIE-VIANEO_TYPO-BLEUE.jpg\",\"width\":1081,\"height\":1080},{\"@type\":\"BreadcrumbList\",\"@id\":\"https:\/\/www.engie-vianeo.com\/en\/jeu\/#breadcrumb\",\"itemListElement\":[{\"@type\":\"ListItem\",\"position\":1,\"name\":\"home\",\"item\":\"https:\/\/www.engie-vianeo.com\/en\/\"},{\"@type\":\"ListItem\",\"position\":2,\"name\":\"Summer Prize Draw Competition\"}]},{\"@type\":\"WebSite\",\"@id\":\"https:\/\/www.engie-vianeo.com\/en\/#website\",\"url\":\"https:\/\/www.engie-vianeo.com\/en\/\",\"name\":\"ENGIE Vianeo\",\"description\":\"L\u2019\u00e9nergie est notre avenir, \u00e9conomisons-la.\",\"publisher\":{\"@id\":\"https:\/\/www.engie-vianeo.com\/en\/#organization\"},\"potentialAction\":[{\"@type\":\"SearchAction\",\"target\":{\"@type\":\"EntryPoint\",\"urlTemplate\":\"https:\/\/www.engie-vianeo.com\/en\/?s={search_term_string}\"},\"query-input\":{\"@type\":\"PropertyValueSpecification\",\"valueRequired\":true,\"valueName\":\"search_term_string\"}}],\"inLanguage\":\"en-US\"},{\"@type\":\"Organization\",\"@id\":\"https:\/\/www.engie-vianeo.com\/en\/#organization\",\"name\":\"ENGIE Vianeo\",\"url\":\"https:\/\/www.engie-vianeo.com\/en\/\",\"logo\":{\"@type\":\"ImageObject\",\"inLanguage\":\"en-US\",\"@id\":\"https:\/\/www.engie-vianeo.com\/en\/#\/schema\/logo\/image\/\",\"url\":\"https:\/\/www.engie-vianeo.com\/wp-content\/uploads\/2023\/05\/logo-engie-vianeo.svg\",\"contentUrl\":\"https:\/\/www.engie-vianeo.com\/wp-content\/uploads\/2023\/05\/logo-engie-vianeo.svg\",\"width\":1,\"height\":1,\"caption\":\"ENGIE Vianeo\"},\"image\":{\"@id\":\"https:\/\/www.engie-vianeo.com\/en\/#\/schema\/logo\/image\/\"},\"sameAs\":[\"https:\/\/www.facebook.com\/ENGIEvianeo\",\"https:\/\/x.com\/ENGIEvianeo\"]}]}<\/script>\n<!-- \/ Yoast SEO plugin. -->","yoast_head_json":{"title":"Summer Prize Draw Competition - ENGIE Vianeo","description":"This summer, recharge your batteries and your electric car on our charging stations and discover our big summer Prize draw : \u20ac5,000 voucher for electric vehicle charging","robots":{"index":"index","follow":"follow","max-snippet":"max-snippet:-1","max-image-preview":"max-image-preview:large","max-video-preview":"max-video-preview:-1"},"canonical":"https:\/\/www.engie-vianeo.com\/en\/jeu\/","og_locale":"en_US","og_type":"article","og_title":"Cet \u00e9t\u00e9, grand tirage de l'auto","og_description":"5 000 \u20ac de recharges \u00e9lectriques \u00e0 gagner, gr\u00e2ce \u00e0 l'application ENGIE Vianeo \u263a\ufe0f","og_url":"https:\/\/www.engie-vianeo.com\/en\/jeu\/","og_site_name":"ENGIE Vianeo","article_publisher":"https:\/\/www.facebook.com\/ENGIEvianeo","article_modified_time":"2025-06-30T08:03:29+00:00","og_image":[{"width":1201,"height":630,"url":"https:\/\/www.engie-vianeo.com\/wp-content\/uploads\/2025\/06\/1200x630_ENGIE-VIANEO_TYPO-BLEUE.jpg","type":"image\/jpeg"}],"twitter_card":"summary_large_image","twitter_title":"Cet \u00e9t\u00e9, grand tirage de l'auto","twitter_description":"5 000 \u20ac de recharges \u00e9lectriques \u00e0 gagner, gr\u00e2ce \u00e0 l'application ENGIE Vianeo \u263a\ufe0f","twitter_image":"https:\/\/www.engie-vianeo.com\/wp-content\/uploads\/2025\/06\/1200x630_ENGIE-VIANEO_TYPO-BLEUE.jpg","twitter_site":"@ENGIEvianeo","schema":{"@context":"https:\/\/schema.org","@graph":[{"@type":"WebPage","@id":"https:\/\/www.engie-vianeo.com\/en\/jeu\/","url":"https:\/\/www.engie-vianeo.com\/en\/jeu\/","name":"Summer Prize Draw Competition - ENGIE Vianeo","isPartOf":{"@id":"https:\/\/www.engie-vianeo.com\/en\/#website"},"primaryImageOfPage":{"@id":"https:\/\/www.engie-vianeo.com\/en\/jeu\/#primaryimage"},"image":{"@id":"https:\/\/www.engie-vianeo.com\/en\/jeu\/#primaryimage"},"thumbnailUrl":"https:\/\/www.engie-vianeo.com\/wp-content\/uploads\/2025\/06\/1080x1080_ENGIE-VIANEO_TYPO-BLEUE.jpg","datePublished":"2025-06-06T12:27:44+00:00","dateModified":"2025-06-30T08:03:29+00:00","description":"This summer, recharge your batteries and your electric car on our charging stations and discover our big summer Prize draw : \u20ac5,000 voucher for electric vehicle charging","breadcrumb":{"@id":"https:\/\/www.engie-vianeo.com\/en\/jeu\/#breadcrumb"},"inLanguage":"en-US","potentialAction":[{"@type":"ReadAction","target":["https:\/\/www.engie-vianeo.com\/en\/jeu\/"]}]},{"@type":"ImageObject","inLanguage":"en-US","@id":"https:\/\/www.engie-vianeo.com\/en\/jeu\/#primaryimage","url":"https:\/\/www.engie-vianeo.com\/wp-content\/uploads\/2025\/06\/1080x1080_ENGIE-VIANEO_TYPO-BLEUE.jpg","contentUrl":"https:\/\/www.engie-vianeo.com\/wp-content\/uploads\/2025\/06\/1080x1080_ENGIE-VIANEO_TYPO-BLEUE.jpg","width":1081,"height":1080},{"@type":"BreadcrumbList","@id":"https:\/\/www.engie-vianeo.com\/en\/jeu\/#breadcrumb","itemListElement":[{"@type":"ListItem","position":1,"name":"home","item":"https:\/\/www.engie-vianeo.com\/en\/"},{"@type":"ListItem","position":2,"name":"Summer Prize Draw Competition"}]},{"@type":"WebSite","@id":"https:\/\/www.engie-vianeo.com\/en\/#website","url":"https:\/\/www.engie-vianeo.com\/en\/","name":"ENGIE Vianeo","description":"L\u2019\u00e9nergie est notre avenir, \u00e9conomisons-la.","publisher":{"@id":"https:\/\/www.engie-vianeo.com\/en\/#organization"},"potentialAction":[{"@type":"SearchAction","target":{"@type":"EntryPoint","urlTemplate":"https:\/\/www.engie-vianeo.com\/en\/?s={search_term_string}"},"query-input":{"@type":"PropertyValueSpecification","valueRequired":true,"valueName":"search_term_string"}}],"inLanguage":"en-US"},{"@type":"Organization","@id":"https:\/\/www.engie-vianeo.com\/en\/#organization","name":"ENGIE Vianeo","url":"https:\/\/www.engie-vianeo.com\/en\/","logo":{"@type":"ImageObject","inLanguage":"en-US","@id":"https:\/\/www.engie-vianeo.com\/en\/#\/schema\/logo\/image\/","url":"https:\/\/www.engie-vianeo.com\/wp-content\/uploads\/2023\/05\/logo-engie-vianeo.svg","contentUrl":"https:\/\/www.engie-vianeo.com\/wp-content\/uploads\/2023\/05\/logo-engie-vianeo.svg","width":1,"height":1,"caption":"ENGIE Vianeo"},"image":{"@id":"https:\/\/www.engie-vianeo.com\/en\/#\/schema\/logo\/image\/"},"sameAs":["https:\/\/www.facebook.com\/ENGIEvianeo","https:\/\/x.com\/ENGIEvianeo"]}]}},"_links":{"self":[{"href":"https:\/\/www.engie-vianeo.com\/en\/wp-json\/wp\/v2\/pages\/6530","targetHints":{"allow":["GET"]}}],"collection":[{"href":"https:\/\/www.engie-vianeo.com\/en\/wp-json\/wp\/v2\/pages"}],"about":[{"href":"https:\/\/www.engie-vianeo.com\/en\/wp-json\/wp\/v2\/types\/page"}],"author":[{"embeddable":true,"href":"https:\/\/www.engie-vianeo.com\/en\/wp-json\/wp\/v2\/users\/10"}],"replies":[{"embeddable":true,"href":"https:\/\/www.engie-vianeo.com\/en\/wp-json\/wp\/v2\/comments?post=6530"}],"version-history":[{"count":3,"href":"https:\/\/www.engie-vianeo.com\/en\/wp-json\/wp\/v2\/pages\/6530\/revisions"}],"predecessor-version":[{"id":6574,"href":"https:\/\/www.engie-vianeo.com\/en\/wp-json\/wp\/v2\/pages\/6530\/revisions\/6574"}],"wp:featuredmedia":[{"embeddable":true,"href":"https:\/\/www.engie-vianeo.com\/en\/wp-json\/wp\/v2\/media\/6522"}],"wp:attachment":[{"href":"https:\/\/www.engie-vianeo.com\/en\/wp-json\/wp\/v2\/media?parent=6530"}],"curies":[{"name":"wp","href":"https:\/\/api.w.org\/{rel}","templated":true}]}}