{"id":6565,"date":"2025-06-06T12:27:44","date_gmt":"2025-06-06T12:27:44","guid":{"rendered":"https:\/\/www.engie-vianeo.com\/jeu\/"},"modified":"2025-06-30T08:00:43","modified_gmt":"2025-06-30T08:00:43","slug":"jeu","status":"publish","type":"page","link":"https:\/\/www.engie-vianeo.com\/nl\/jeu\/","title":{"rendered":"Zomerwinactie"},"content":{"rendered":"\n\n<section class=\"hero_header_style_1 wp-block-engie-hero-header\"\n\t\t\tstyle=\"background:linear-gradient(#232D3580, #232D3580),url(https:\/\/vianeo-ppr.noprod.db-vianeo.com\/wp-content\/uploads\/2025\/04\/publicis.webp) center no-repeat; background-size:cover;\"\n\t\n>\n\t<div class=\"container\">\n\t\t<div class=\"hero-header-inner\">\t\n\t\t\t<div class=\"hero-header-content\">\n\t\t\t\t\t\t\t\t\t<h1 class=\"hero-header-title\"> Zomerwinactie<\/h1>\n\t\t\t\t\t\t\t\t<\/div>\n\t\t<\/div>\n\t<\/div>\n\n<\/section>\n\n<section class=\"section_titles_style_primary wp-block-engie-section-titles\">\n\t<div class=\"container\">\n\t\t<h2 class=\"section_titles_title sections_titles_border_title\">Zomerwinactie &#8211; \u20ac 5 000 aan te verloten elektrische laadbeurten<\/h2 >\t\t<p class=\"section_titles_desc\">Laad deze zomer je accu\u2019s en die van je elektrische auto op bij onze laadpalen en ontdek de grote zomerwinactie:<br>Schrijf je in tussen 1 juli en 31 augustus en maak kans op:<br>\u2022 <strong><strong>\u20ac<\/strong><\/strong> <strong>5 000<\/strong> aan te verloten elektrische laadbeurten<br>\u2022 Dagelijks kans op <strong>\u00e9\u00e9n van de 200 kortingsbonnen<\/strong> ter waarde van \u20ac 5 via het instant-win spel gedurende de hele actieperiode<br><\/p>\t<\/div>\n<\/section>\n\n\n<section class=\"center wp-block-engie-block-cta\">\n\t<div class=\"container\">\n\t\t\n\n<a    type=\"button\"\n    class=\"nj-btn\"\n    href=\"https:\/\/engie-vianeo.go.link\/klPJZ\"    target=\"_blank\" rel=\"noopener noreferrer\"    class=\"wp-block-engie-button-primary\">\n\t\n\t\t\t<span aria-hidden=\"true\" class=\"nj-btn__icon nj-btn__icon--before material-icons\"><\/span>\n\t\n\tSPELEN<\/a>\n\n\t<\/div>\n<\/section>\n\n\n\n<div class=\"wp-block-group is-vertical is-content-justification-center is-layout-flex wp-container-core-group-is-layout-ce155fab wp-block-group-is-layout-flex\"><section class=\"section_titles_style_primary wp-block-engie-section-titles\">\n\t<div class=\"container\">\n\t\t<h2 class=\"section_titles_title sections_titles_border_title\">Hoe deelnemen?<\/h2 >\t\t<p class=\"section_titles_desc\"><strong>Zo doe je mee aan de loting<\/strong>:<br>\u2022 Open de <strong>ENGIE Vianeo-app<\/strong><br>\u2022 Log in of maak een <strong>ENGIE Vianeo+ account<\/strong> aan<br>\u2022 Klik op de knop \u201c<strong>Spelen<\/strong>\u201d om naar de deelnamepagina te gaan<br>\u2022 Lees het <strong>actiereglement<\/strong> en aanvaard de voorwaarden<br>\u2022 Bevestig je deelname aan de loting<br><br>Je deelname is geldig zodra je een bevestigingsmelding ziet.<br>Daarna kan je dagelijks meespelen met de instant-win om kans te maken op een kortingsbon van \u20ac 5.<br><br><strong>Deelnemen aan de instant-win<\/strong> is heel eenvoudig:<br>\u2022 Open de <strong>ENGIE Vianeo-app<\/strong><br>\u2022 Start de instant-win van de dag en klik op \u201c<strong>Spelen<\/strong>\u201d<br>\u2022 Je ziet onmiddellijk of je een kortingsbon hebt gewonnen. Indien ja, ontvang je de bon per e-mail.<\/p>\t<\/div>\n<\/section>\n<\/div>\n\n\n<section class=\"desktop-xs_height tablet-xs_height mobile-xs_height wp-block-engie-block-blank-dividers\">\n\t\n<\/section>\n\n<section class=\"section_titles_style_primary wp-block-engie-section-titles\">\n\t<div class=\"container\">\n\t\t<h2 class=\"section_titles_title sections_titles_border_title\">Hoe gebruik ik de kortingsbon?<\/h2 >\t\t<p class=\"section_titles_desc\">Na een gewonnen instant-win ontvang je een promotiecode per e-mail. Voer deze uiterlijk <strong>7 september 2025<\/strong> in via de rubriek \u201c<strong>Mijn portemonnee<\/strong>\u201d in de app.<br>De <strong>\u20ac 5 staat nu op je klantenaccount<\/strong>\u00a0en wordt automatisch verrekend tijdens je volgende laadbeurt(en). De waarde van de bon is 60 dagen geldig vanaf de invoer van de code.<\/p>\t<\/div>\n<\/section>\n\n\n\n<div class=\"wp-block-group container is-horizontal is-content-justification-center is-layout-flex wp-container-core-group-is-layout-1001711d wp-block-group-is-layout-flex\">\n<style>\n\t.block-picture-only img {\n\t\twidth: 100%;\n\t}\n<\/style>\n\n<section class=\"block-picture-only wp-block-engie-block-picture-only has-background has-white-background-color\">\n\t<div class=\"\">\n\t\t<div class=\"\">\n\t\t\t\t\t\t\t\t\t\t\t\t<img decoding=\"async\" src=\"https:\/\/www.engie-vianeo.com\/wp-content\/uploads\/2025\/05\/Sans-titre-350-x-500-px-4.png\" alt=\"\">\n\t\t\t\t\t\t\t\t\t<\/div>\n\t<\/div>\n<\/section>\n\n<\/div>\n\n\n<section class=\"center wp-block-engie-block-cta\">\n\t<div class=\"container\">\n\t\t\n\n<a    type=\"button\"\n    class=\"nj-btn\"\n    href=\"https:\/\/engie-vianeo.go.link\/klPJZ\"    target=\"_blank\" rel=\"noopener noreferrer\"    class=\"wp-block-engie-button-primary\">\n\t\n\t\n\tDe app downloaden<\/a>\n\n\t<\/div>\n<\/section>\n\n\n<section class=\"desktop-xs_height tablet-xs_height mobile-xs_height wp-block-engie-block-blank-dividers\">\n\t\n<\/section>\n\n<section class=\"section_titles_style_primary wp-block-engie-section-titles\">\n\t<div class=\"container\">\n\t\t<h2 class=\"section_titles_title sections_titles_border_title\">Laad uw auto op tegen de prijs op de app\u00a0<\/h2 >\t\t<p class=\"section_titles_desc\">Als u deze zomer oplaadt via de app ENGIE Vianeo, profiteert u<strong>\u202fbovendien van 10 % korting op het publieke tarief<\/strong>\u202fdat staat aangegeven (u betaalt bijvoorbeeld maar \u20ac 0,54 \/ kWh via de app, in plaats van \u20ac 0,60 met uw bankpas)\u200b\u00a0<\/p>\t<\/div>\n<\/section>\n\n\n\n<div class=\"wp-block-group container app-mobile-app is-layout-flex wp-block-group-is-layout-flex\">\n<div class=\"wp-block-group mobile-app-column is-vertical is-layout-flex wp-container-core-group-is-layout-fe9cc265 wp-block-group-is-layout-flex\"><section class=\"block_advantages block-one-element wp-block-engie-block-advantages\">\n\t<div class=\"container\">\n\t\t<div class=\"block-advantages-container\">\n\t\t\t\n\n\t<div class=\"block_advantage wp-block-engie-block-advantage\">\n\t\t\t<div class=\"title-icon limeapple pictograms icon-size-xs\"><img decoding=\"async\" src=\"\/wp-content\/plugins\/engie-blocks\/assets\/pictograms\/smartphone-mobile.svg\" alt=\"\" \/><\/div>\t\t\t\t<h3 class=\"block_advantage_title\"><strong><strong>Met de app<\/strong><\/strong><\/h3>\t\t\t\t\t\t\t\t\t<\/div>\n\n\t\t<\/div>\n\t<\/div>\n<\/section>\n\n\n\n<p class=\"has-ultramarine-900-color has-text-color has-link-color wp-elements-2b9c35fb4e4cb298e91549fbec63001f\"><img decoding=\"async\" class=\"wp-image-3988\" style=\"width: NaNpx;\" src=\"https:\/\/www.engie-vianeo.com\/wp-content\/uploads\/2024\/10\/check_circle.svg\" alt=\"\"><strong>10% korting op het publieke tarief<\/strong><\/p>\n\n\n\n<p><img decoding=\"async\" class=\"wp-image-3988\" style=\"width: NaNpx;\" src=\"https:\/\/www.engie-vianeo.com\/wp-content\/uploads\/2024\/10\/check_circle.svg\" alt=\"\"> Spaarpunten en cadeaus<\/p>\n\n\n\n<p><img decoding=\"async\" class=\"wp-image-3988\" style=\"width: NaNpx;\" src=\"https:\/\/www.engie-vianeo.com\/wp-content\/uploads\/2024\/10\/check_circle.svg\" alt=\"\">Historiek van het opladen en betalingsre<\/p>\n<\/div>\n\n\n\n<div class=\"wp-block-group mobile-app-column is-vertical is-layout-flex wp-container-core-group-is-layout-fe9cc265 wp-block-group-is-layout-flex\"><section class=\"block_advantages block-one-element wp-block-engie-block-advantages\">\n\t<div class=\"container\">\n\t\t<div class=\"block-advantages-container\">\n\t\t\t\n\n\t<div class=\"block_advantage wp-block-engie-block-advantage\">\n\t\t\t<div class=\"title-icon limeapple pictograms icon-size-xs\"><img decoding=\"async\" src=\"\/wp-content\/plugins\/engie-blocks\/assets\/pictograms\/carte-bancaire.svg\" alt=\"\" \/><\/div>\t\t\t\t<h3 class=\"block_advantage_title\"><strong>Met een <\/strong>bankpas<\/h3>\t\t\t\t\t\t\t\t\t<\/div>\n\n\t\t<\/div>\n\t<\/div>\n<\/section>\n\n\n\n<p><img decoding=\"async\" class=\"wp-image-3988\" style=\"width: NaNpx;\" src=\"https:\/\/www.engie-vianeo.com\/wp-content\/uploads\/2024\/10\/check_circle.svg\" alt=\"\"> Publiek tarief ENGIE Vianeo<\/p>\n\n\n\n<p><img decoding=\"async\" class=\"wp-image-3991\" style=\"width: NaNpx;\" src=\"https:\/\/www.engie-vianeo.com\/wp-content\/uploads\/2024\/10\/cross_circle.svg\" alt=\"\"> Spaarpunten en cadeaus<\/p>\n\n\n\n<p><img decoding=\"async\" class=\"wp-image-3991\" style=\"width: NaNpx;\" src=\"https:\/\/www.engie-vianeo.com\/wp-content\/uploads\/2024\/10\/cross_circle.svg\" alt=\"\"> Historiek van het opladen en betalingsre\u00e7u<\/p>\n<\/div>\n\n\n\n<div class=\"wp-block-group mobile-app-column is-vertical is-layout-flex wp-container-core-group-is-layout-fe9cc265 wp-block-group-is-layout-flex\"><section class=\"block_advantages block-one-element wp-block-engie-block-advantages\">\n\t<div class=\"container\">\n\t\t<div class=\"block-advantages-container\">\n\t\t\t\n\n\t<div class=\"block_advantage wp-block-engie-block-advantage\">\n\t\t\t<div class=\"title-icon limeapple pictograms icon-size-xs\"><img decoding=\"async\" src=\"\/wp-content\/plugins\/engie-blocks\/assets\/pictograms\/smart-box-energie-eclair.svg\" alt=\"\" \/><\/div>\t\t\t\t<h3 class=\"block_advantage_title\"><strong><strong>Met een laadpas<\/strong><\/strong><\/h3>\t\t\t\t\t\t\t\t\t<\/div>\n\n\t\t<\/div>\n\t<\/div>\n<\/section>\n\n\n\n<p><img decoding=\"async\" class=\"wp-image-3991\" style=\"width: NaNpx;\" src=\"https:\/\/www.engie-vianeo.com\/wp-content\/uploads\/2024\/10\/cross_circle.svg\" alt=\"\"> Variabel tarief afhankelijk van de provider van uw laadpas<\/p>\n\n\n\n<p><img decoding=\"async\" class=\"wp-image-3991\" style=\"width: NaNpx;\" src=\"https:\/\/www.engie-vianeo.com\/wp-content\/uploads\/2024\/10\/cross_circle.svg\" alt=\"\"> Spaarpunten en cadeaus<\/p>\n\n\n\n<p><img decoding=\"async\" class=\"wp-image-3991\" style=\"width: NaNpx;\" src=\"https:\/\/www.engie-vianeo.com\/wp-content\/uploads\/2024\/10\/cross_circle.svg\" alt=\"\"> Historiek van het opladen en betalingsre\u00e7u<\/p>\n<\/div>\n<\/div>\n\n\n\n<p><\/p>\n\n\n<section class=\"desktop-xs_height tablet-xs_height mobile-xs_height wp-block-engie-block-blank-dividers\">\n\t\n<\/section>\n\n\n<div class=\"wp-block-group container is-horizontal is-content-justification-center is-layout-flex wp-container-core-group-is-layout-1001711d wp-block-group-is-layout-flex\">\n<style>\n\t.block-picture-only img {\n\t\twidth: 100%;\n\t}\n<\/style>\n\n<section class=\"block-picture-only wp-block-engie-block-picture-only has-background has-white-background-color\">\n\t<div class=\"\">\n\t\t<div class=\"\">\n\t\t\t\t\t\t\t<a class=\"block-picture-only-link\" href=\"https:\/\/engie-vianeo.go.link\/klPJZ\" target=\"_blank\" rel=\"noopener noreferrer\">\n\t\t\t\t\t\t\t\t\t\t\t\t<img decoding=\"async\" src=\"https:\/\/www.engie-vianeo.com\/wp-content\/uploads\/2025\/05\/Presentation-Basique-et-Simple-Gouttes-Pastel-5.png\" alt=\"\">\n\t\t\t\t\t\t\t\t\t\t\t<\/a>\n\t\t\t\t\t<\/div>\n\t<\/div>\n<\/section>\n\n<\/div>\n\n\n<section class=\"desktop-xs_height tablet-xs_height mobile-xs_height wp-block-engie-block-blank-dividers\">\n\t\n<\/section>\n\n<section class=\"center wp-block-engie-block-cta\">\n\t<div class=\"container\">\n\t\t\n\n<a    type=\"button\"\n    class=\"nj-btn\"\n    href=\"https:\/\/engie-vianeo.go.link\/klPJZ\"    target=\"_blank\" rel=\"noopener noreferrer\"    class=\"wp-block-engie-button-primary\">\n\t\n\t\n\tDe app downloaden<\/a>\n\n\t<\/div>\n<\/section>\n\n\n<section class=\"desktop-xs_height tablet-xs_height mobile-xs_height wp-block-engie-block-blank-dividers\">\n\t\n<\/section>\n\n<section class=\"section_titles_style_primary wp-block-engie-section-titles\">\n\t<div class=\"container\">\n\t\t<h2 class=\"section_titles_title sections_titles_border_title\">Actievoorwaarden<\/h2 >\t\t<p class=\"section_titles_desc\">*Winactie met loting, zonder aankoopverplichting. Deelname via de ENGIE Vianeo-app van 01\/07\/2025 t\/m 31\/08\/2025.<br>Prijs: \u00e9\u00e9n winnaar ontvangt een laadtegoed van \u20ac 5.000, uitsluitend te gebruiken op het ENGIE Vianeo-netwerk via de app. Beperkt tot \u00e9\u00e9n deelname per persoon.<br>Instant-win prijzen: 200 kortingsbonnen ter waarde van \u20ac 5, eveneens alleen geldig op het ENGIE Vianeo-netwerk via de app.<br>Bekijk alle <a href=\"https:\/\/www.engie-vianeo.com\/wp-content\/uploads\/2025\/06\/reglement_jeu_concours_ete_2025__NL_V2_1.pdf\" target=\"_blank\" rel=\"noreferrer noopener\">details en voorwaarden van de actie (pdf)<\/a>.<\/p>\t<\/div>\n<\/section>\n","protected":false},"excerpt":{"rendered":"<p>10% korting op het publieke tarief Spaarpunten en cadeaus Historiek van het opladen en betalingsre Publiek tarief ENGIE Vianeo Spaarpunten en cadeaus Historiek van het opladen en betalingsre\u00e7u Variabel tarief afhankelijk van de provider van uw laadpas Spaarpunten en cadeaus Historiek van het opladen en betalingsre\u00e7u<\/p>\n","protected":false},"author":10,"featured_media":6521,"parent":0,"menu_order":0,"comment_status":"closed","ping_status":"closed","template":"","meta":{"_acf_changed":false,"footnotes":""},"class_list":["post-6565","page","type-page","status-publish","has-post-thumbnail","hentry"],"acf":[],"yoast_head":"<!-- This site is optimized with the Yoast SEO plugin v26.6 - https:\/\/yoast.com\/wordpress\/plugins\/seo\/ -->\n<title>Zomerwinactie - ENGIE Vianeo<\/title>\n<meta name=\"description\" content=\"Zomerwinactie : \u20ac 5 000 aan te verloten elektrische laadbeurte\" \/>\n<meta name=\"robots\" content=\"index, follow, max-snippet:-1, max-image-preview:large, max-video-preview:-1\" \/>\n<link rel=\"canonical\" href=\"https:\/\/www.engie-vianeo.com\/nl\/jeu\/\" \/>\n<meta property=\"og:locale\" content=\"nl_NL\" \/>\n<meta property=\"og:type\" content=\"article\" \/>\n<meta property=\"og:title\" content=\"Cet \u00e9t\u00e9, grand tirage de l&#039;auto\" \/>\n<meta property=\"og:description\" content=\"5 000 \u20ac de recharges \u00e9lectriques \u00e0 gagner, gr\u00e2ce \u00e0 l&#039;application ENGIE Vianeo \u263a\ufe0f\" \/>\n<meta property=\"og:url\" content=\"https:\/\/www.engie-vianeo.com\/nl\/jeu\/\" \/>\n<meta property=\"og:site_name\" content=\"ENGIE Vianeo\" \/>\n<meta property=\"article:publisher\" content=\"https:\/\/www.facebook.com\/ENGIEvianeo\" \/>\n<meta property=\"article:modified_time\" content=\"2025-06-30T08:00:43+00:00\" \/>\n<meta property=\"og:image\" content=\"https:\/\/www.engie-vianeo.com\/wp-content\/uploads\/2025\/06\/1200x630_ENGIE-VIANEO_TYPO-BLEUE.jpg\" \/>\n\t<meta property=\"og:image:width\" content=\"1201\" \/>\n\t<meta property=\"og:image:height\" content=\"630\" \/>\n\t<meta property=\"og:image:type\" content=\"image\/jpeg\" \/>\n<meta name=\"twitter:card\" content=\"summary_large_image\" \/>\n<meta name=\"twitter:title\" content=\"Cet \u00e9t\u00e9, grand tirage de l&#039;auto\" \/>\n<meta name=\"twitter:description\" content=\"5 000 \u20ac de recharges \u00e9lectriques \u00e0 gagner, gr\u00e2ce \u00e0 l&#039;application ENGIE Vianeo \u263a\ufe0f\" \/>\n<meta name=\"twitter:image\" content=\"https:\/\/www.engie-vianeo.com\/wp-content\/uploads\/2025\/06\/1200x630_ENGIE-VIANEO_TYPO-BLEUE.jpg\" \/>\n<meta name=\"twitter:site\" content=\"@ENGIEvianeo\" \/>\n<meta name=\"twitter:label1\" content=\"Est. reading time\" \/>\n\t<meta name=\"twitter:data1\" content=\"3 minutes\" \/>\n<script type=\"application\/ld+json\" class=\"yoast-schema-graph\">{\"@context\":\"https:\/\/schema.org\",\"@graph\":[{\"@type\":\"WebPage\",\"@id\":\"https:\/\/www.engie-vianeo.com\/nl\/jeu\/\",\"url\":\"https:\/\/www.engie-vianeo.com\/nl\/jeu\/\",\"name\":\"Zomerwinactie - ENGIE Vianeo\",\"isPartOf\":{\"@id\":\"https:\/\/www.engie-vianeo.com\/nl\/#website\"},\"primaryImageOfPage\":{\"@id\":\"https:\/\/www.engie-vianeo.com\/nl\/jeu\/#primaryimage\"},\"image\":{\"@id\":\"https:\/\/www.engie-vianeo.com\/nl\/jeu\/#primaryimage\"},\"thumbnailUrl\":\"https:\/\/www.engie-vianeo.com\/wp-content\/uploads\/2025\/06\/1080x1080_ENGIE-VIANEO_TYPO-BLEUE.jpg\",\"datePublished\":\"2025-06-06T12:27:44+00:00\",\"dateModified\":\"2025-06-30T08:00:43+00:00\",\"description\":\"Zomerwinactie : \u20ac 5 000 aan te verloten elektrische laadbeurte\",\"breadcrumb\":{\"@id\":\"https:\/\/www.engie-vianeo.com\/nl\/jeu\/#breadcrumb\"},\"inLanguage\":\"nl-NL\",\"potentialAction\":[{\"@type\":\"ReadAction\",\"target\":[\"https:\/\/www.engie-vianeo.com\/nl\/jeu\/\"]}]},{\"@type\":\"ImageObject\",\"inLanguage\":\"nl-NL\",\"@id\":\"https:\/\/www.engie-vianeo.com\/nl\/jeu\/#primaryimage\",\"url\":\"https:\/\/www.engie-vianeo.com\/wp-content\/uploads\/2025\/06\/1080x1080_ENGIE-VIANEO_TYPO-BLEUE.jpg\",\"contentUrl\":\"https:\/\/www.engie-vianeo.com\/wp-content\/uploads\/2025\/06\/1080x1080_ENGIE-VIANEO_TYPO-BLEUE.jpg\",\"width\":1081,\"height\":1080},{\"@type\":\"BreadcrumbList\",\"@id\":\"https:\/\/www.engie-vianeo.com\/nl\/jeu\/#breadcrumb\",\"itemListElement\":[{\"@type\":\"ListItem\",\"position\":1,\"name\":\"home\",\"item\":\"https:\/\/www.engie-vianeo.com\/nl\/\"},{\"@type\":\"ListItem\",\"position\":2,\"name\":\"Zomerwinactie\"}]},{\"@type\":\"WebSite\",\"@id\":\"https:\/\/www.engie-vianeo.com\/nl\/#website\",\"url\":\"https:\/\/www.engie-vianeo.com\/nl\/\",\"name\":\"ENGIE Vianeo\",\"description\":\"L\u2019\u00e9nergie est notre avenir, \u00e9conomisons-la.\",\"publisher\":{\"@id\":\"https:\/\/www.engie-vianeo.com\/nl\/#organization\"},\"potentialAction\":[{\"@type\":\"SearchAction\",\"target\":{\"@type\":\"EntryPoint\",\"urlTemplate\":\"https:\/\/www.engie-vianeo.com\/nl\/?s={search_term_string}\"},\"query-input\":{\"@type\":\"PropertyValueSpecification\",\"valueRequired\":true,\"valueName\":\"search_term_string\"}}],\"inLanguage\":\"nl-NL\"},{\"@type\":\"Organization\",\"@id\":\"https:\/\/www.engie-vianeo.com\/nl\/#organization\",\"name\":\"ENGIE Vianeo\",\"url\":\"https:\/\/www.engie-vianeo.com\/nl\/\",\"logo\":{\"@type\":\"ImageObject\",\"inLanguage\":\"nl-NL\",\"@id\":\"https:\/\/www.engie-vianeo.com\/nl\/#\/schema\/logo\/image\/\",\"url\":\"https:\/\/www.engie-vianeo.com\/wp-content\/uploads\/2023\/05\/logo-engie-vianeo.svg\",\"contentUrl\":\"https:\/\/www.engie-vianeo.com\/wp-content\/uploads\/2023\/05\/logo-engie-vianeo.svg\",\"width\":1,\"height\":1,\"caption\":\"ENGIE Vianeo\"},\"image\":{\"@id\":\"https:\/\/www.engie-vianeo.com\/nl\/#\/schema\/logo\/image\/\"},\"sameAs\":[\"https:\/\/www.facebook.com\/ENGIEvianeo\",\"https:\/\/x.com\/ENGIEvianeo\"]}]}<\/script>\n<!-- \/ Yoast SEO plugin. -->","yoast_head_json":{"title":"Zomerwinactie - ENGIE Vianeo","description":"Zomerwinactie : \u20ac 5 000 aan te verloten elektrische laadbeurte","robots":{"index":"index","follow":"follow","max-snippet":"max-snippet:-1","max-image-preview":"max-image-preview:large","max-video-preview":"max-video-preview:-1"},"canonical":"https:\/\/www.engie-vianeo.com\/nl\/jeu\/","og_locale":"nl_NL","og_type":"article","og_title":"Cet \u00e9t\u00e9, grand tirage de l'auto","og_description":"5 000 \u20ac de recharges \u00e9lectriques \u00e0 gagner, gr\u00e2ce \u00e0 l'application ENGIE Vianeo \u263a\ufe0f","og_url":"https:\/\/www.engie-vianeo.com\/nl\/jeu\/","og_site_name":"ENGIE Vianeo","article_publisher":"https:\/\/www.facebook.com\/ENGIEvianeo","article_modified_time":"2025-06-30T08:00:43+00:00","og_image":[{"width":1201,"height":630,"url":"https:\/\/www.engie-vianeo.com\/wp-content\/uploads\/2025\/06\/1200x630_ENGIE-VIANEO_TYPO-BLEUE.jpg","type":"image\/jpeg"}],"twitter_card":"summary_large_image","twitter_title":"Cet \u00e9t\u00e9, grand tirage de l'auto","twitter_description":"5 000 \u20ac de recharges \u00e9lectriques \u00e0 gagner, gr\u00e2ce \u00e0 l'application ENGIE Vianeo \u263a\ufe0f","twitter_image":"https:\/\/www.engie-vianeo.com\/wp-content\/uploads\/2025\/06\/1200x630_ENGIE-VIANEO_TYPO-BLEUE.jpg","twitter_site":"@ENGIEvianeo","twitter_misc":{"Est. reading time":"3 minutes"},"schema":{"@context":"https:\/\/schema.org","@graph":[{"@type":"WebPage","@id":"https:\/\/www.engie-vianeo.com\/nl\/jeu\/","url":"https:\/\/www.engie-vianeo.com\/nl\/jeu\/","name":"Zomerwinactie - ENGIE Vianeo","isPartOf":{"@id":"https:\/\/www.engie-vianeo.com\/nl\/#website"},"primaryImageOfPage":{"@id":"https:\/\/www.engie-vianeo.com\/nl\/jeu\/#primaryimage"},"image":{"@id":"https:\/\/www.engie-vianeo.com\/nl\/jeu\/#primaryimage"},"thumbnailUrl":"https:\/\/www.engie-vianeo.com\/wp-content\/uploads\/2025\/06\/1080x1080_ENGIE-VIANEO_TYPO-BLEUE.jpg","datePublished":"2025-06-06T12:27:44+00:00","dateModified":"2025-06-30T08:00:43+00:00","description":"Zomerwinactie : \u20ac 5 000 aan te verloten elektrische laadbeurte","breadcrumb":{"@id":"https:\/\/www.engie-vianeo.com\/nl\/jeu\/#breadcrumb"},"inLanguage":"nl-NL","potentialAction":[{"@type":"ReadAction","target":["https:\/\/www.engie-vianeo.com\/nl\/jeu\/"]}]},{"@type":"ImageObject","inLanguage":"nl-NL","@id":"https:\/\/www.engie-vianeo.com\/nl\/jeu\/#primaryimage","url":"https:\/\/www.engie-vianeo.com\/wp-content\/uploads\/2025\/06\/1080x1080_ENGIE-VIANEO_TYPO-BLEUE.jpg","contentUrl":"https:\/\/www.engie-vianeo.com\/wp-content\/uploads\/2025\/06\/1080x1080_ENGIE-VIANEO_TYPO-BLEUE.jpg","width":1081,"height":1080},{"@type":"BreadcrumbList","@id":"https:\/\/www.engie-vianeo.com\/nl\/jeu\/#breadcrumb","itemListElement":[{"@type":"ListItem","position":1,"name":"home","item":"https:\/\/www.engie-vianeo.com\/nl\/"},{"@type":"ListItem","position":2,"name":"Zomerwinactie"}]},{"@type":"WebSite","@id":"https:\/\/www.engie-vianeo.com\/nl\/#website","url":"https:\/\/www.engie-vianeo.com\/nl\/","name":"ENGIE Vianeo","description":"L\u2019\u00e9nergie est notre avenir, \u00e9conomisons-la.","publisher":{"@id":"https:\/\/www.engie-vianeo.com\/nl\/#organization"},"potentialAction":[{"@type":"SearchAction","target":{"@type":"EntryPoint","urlTemplate":"https:\/\/www.engie-vianeo.com\/nl\/?s={search_term_string}"},"query-input":{"@type":"PropertyValueSpecification","valueRequired":true,"valueName":"search_term_string"}}],"inLanguage":"nl-NL"},{"@type":"Organization","@id":"https:\/\/www.engie-vianeo.com\/nl\/#organization","name":"ENGIE Vianeo","url":"https:\/\/www.engie-vianeo.com\/nl\/","logo":{"@type":"ImageObject","inLanguage":"nl-NL","@id":"https:\/\/www.engie-vianeo.com\/nl\/#\/schema\/logo\/image\/","url":"https:\/\/www.engie-vianeo.com\/wp-content\/uploads\/2023\/05\/logo-engie-vianeo.svg","contentUrl":"https:\/\/www.engie-vianeo.com\/wp-content\/uploads\/2023\/05\/logo-engie-vianeo.svg","width":1,"height":1,"caption":"ENGIE Vianeo"},"image":{"@id":"https:\/\/www.engie-vianeo.com\/nl\/#\/schema\/logo\/image\/"},"sameAs":["https:\/\/www.facebook.com\/ENGIEvianeo","https:\/\/x.com\/ENGIEvianeo"]}]}},"_links":{"self":[{"href":"https:\/\/www.engie-vianeo.com\/nl\/wp-json\/wp\/v2\/pages\/6565","targetHints":{"allow":["GET"]}}],"collection":[{"href":"https:\/\/www.engie-vianeo.com\/nl\/wp-json\/wp\/v2\/pages"}],"about":[{"href":"https:\/\/www.engie-vianeo.com\/nl\/wp-json\/wp\/v2\/types\/page"}],"author":[{"embeddable":true,"href":"https:\/\/www.engie-vianeo.com\/nl\/wp-json\/wp\/v2\/users\/10"}],"replies":[{"embeddable":true,"href":"https:\/\/www.engie-vianeo.com\/nl\/wp-json\/wp\/v2\/comments?post=6565"}],"version-history":[{"count":2,"href":"https:\/\/www.engie-vianeo.com\/nl\/wp-json\/wp\/v2\/pages\/6565\/revisions"}],"predecessor-version":[{"id":6569,"href":"https:\/\/www.engie-vianeo.com\/nl\/wp-json\/wp\/v2\/pages\/6565\/revisions\/6569"}],"wp:featuredmedia":[{"embeddable":true,"href":"https:\/\/www.engie-vianeo.com\/nl\/wp-json\/wp\/v2\/media\/6521"}],"wp:attachment":[{"href":"https:\/\/www.engie-vianeo.com\/nl\/wp-json\/wp\/v2\/media?parent=6565"}],"curies":[{"name":"wp","href":"https:\/\/api.w.org\/{rel}","templated":true}]}}